{"id":63409,"date":"2025-04-24T16:09:39","date_gmt":"2025-04-24T14:09:39","guid":{"rendered":"https:\/\/www.ankarsrum.com\/se\/?post_type=product&#038;p=63409"},"modified":"2025-10-20T16:53:52","modified_gmt":"2025-10-20T14:53:52","slug":"presentkort","status":"publish","type":"product","link":"https:\/\/www.ankarsrum.com\/se\/produkt\/presentkort\/","title":{"rendered":"Presentkort"},"content":{"rendered":"Giltighet\r\nDetta presentkort \u00e4r giltigt i Ankarsrums butik online (ankarsrum.com). Presentkortet laddas vid k\u00f6p och g\u00e4ller i 1 \u00e5r fr\u00e5n utf\u00e4rdande dag. Stulet eller borttappat kort ers\u00e4tts ej, och kortet kan ej l\u00f6sas in mot kontanter. Vid betalning med presentkortet anv\u00e4nds enbart den valuta som kortet laddats med.","protected":false},"excerpt":{"rendered":"<p>Giltighet Detta presentkort \u00e4r giltigt i Ankarsrums butik online (ankarsrum.com). Presentkortet laddas vid k\u00f6p och g\u00e4ller i 1 \u00e5r fr\u00e5n&hellip;<\/p>\n","protected":false},"featured_media":64455,"comment_status":"closed","ping_status":"closed","template":"","meta":{"_acf_changed":false,"content-type":"","editor_notices":[]},"product_brand":[],"product_cat":[639,139],"product_tag":[],"product-tag":[],"machines":[],"filter":[],"class_list":{"0":"post-63409","1":"product","2":"type-product","3":"status-publish","4":"has-post-thumbnail","6":"product_cat-koksassistent","7":"product_cat-ankarsrum-tillbehor","9":"first","10":"instock","11":"virtual","12":"purchasable","13":"product-type-simple"},"bundled_by":[],"bundle_stock_status":"instock","bundle_stock_quantity":null,"bundle_virtual":false,"bundle_layout":"","bundle_add_to_cart_form_location":"","bundle_editable_in_cart":false,"bundle_sold_individually_context":"","bundle_item_grouping":"","bundle_min_size":"","bundle_max_size":"","bundle_price":[],"bundled_items":[],"bundle_sell_ids":[],"acf":[],"_links":{"self":[{"href":"https:\/\/www.ankarsrum.com\/se\/wp-json\/wp\/v2\/product\/63409","targetHints":{"allow":["GET"]}}],"collection":[{"href":"https:\/\/www.ankarsrum.com\/se\/wp-json\/wp\/v2\/product"}],"about":[{"href":"https:\/\/www.ankarsrum.com\/se\/wp-json\/wp\/v2\/types\/product"}],"replies":[{"embeddable":true,"href":"https:\/\/www.ankarsrum.com\/se\/wp-json\/wp\/v2\/comments?post=63409"}],"wp:featuredmedia":[{"embeddable":true,"href":"https:\/\/www.ankarsrum.com\/se\/wp-json\/wp\/v2\/media\/64455"}],"wp:attachment":[{"href":"https:\/\/www.ankarsrum.com\/se\/wp-json\/wp\/v2\/media?parent=63409"}],"wp:term":[{"taxonomy":"product_brand","embeddable":true,"href":"https:\/\/www.ankarsrum.com\/se\/wp-json\/wp\/v2\/product_brand?post=63409"},{"taxonomy":"product_cat","embeddable":true,"href":"https:\/\/www.ankarsrum.com\/se\/wp-json\/wp\/v2\/product_cat?post=63409"},{"taxonomy":"product_tag","embeddable":true,"href":"https:\/\/www.ankarsrum.com\/se\/wp-json\/wp\/v2\/product_tag?post=63409"},{"taxonomy":"product-tag","embeddable":true,"href":"https:\/\/www.ankarsrum.com\/se\/wp-json\/wp\/v2\/product-tag?post=63409"},{"taxonomy":"machines","embeddable":true,"href":"https:\/\/www.ankarsrum.com\/se\/wp-json\/wp\/v2\/machines?post=63409"},{"taxonomy":"filter","embeddable":true,"href":"https:\/\/www.ankarsrum.com\/se\/wp-json\/wp\/v2\/filter?post=63409"}],"curies":[{"name":"wp","href":"https:\/\/api.w.org\/{rel}","templated":true}]}}