{"id":65598,"date":"2025-06-11T11:38:11","date_gmt":"2025-06-11T09:38:11","guid":{"rendered":"https:\/\/www.ankarsrum.com\/se\/?post_type=product&#038;p=65598"},"modified":"2026-03-10T14:13:14","modified_gmt":"2026-03-10T13:13:14","slug":"frukostpaket-mineral-white","status":"publish","type":"product","link":"https:\/\/www.ankarsrum.com\/se\/produkt\/frukostpaket-mineral-white\/","title":{"rendered":"Frukostpaket"},"content":{"rendered":"Det finns n\u00e5got magiskt med en lugn helgfrukost hemma i k\u00f6ket tillsammans med sina n\u00e4rmsta. Doften av nybakat br\u00f6d, smaken av f\u00e4rskpressad juice och dessutom en len smoothie i sk\u00e5len, det \u00e4r verkligen n\u00e5got att l\u00e4ngta till. Med Ankarsrum Assistent Original blir det enkelt att njuta av varje stund \u2013 hemma i ditt eget k\u00f6k.\r\n<h3 id=\"h-inkluderat-i-frukostpaketet\" class=\"wp-block-heading\">Inkluderat i Frukostpaketet:<\/h3>\r\n<strong>Ankarsrum Assistent Original<\/strong>\u00a0\u2013 G\u00f6r br\u00f6d, kakor, bullar och desserter\r\n\r\n<strong>Citruspress<\/strong>\u00a0\u2013Pressa apelsin, citron eller till och med grapefrukt.\r\n\r\n<strong>Blender\u00a0<\/strong>\u2013 Mixa smoothies, bowls och dessutom kr\u00e4miga drycker.","protected":false},"excerpt":{"rendered":"<p id=\"h-fixa-din-helgfrukost-med-ett-komplett-paket\" class=\"wp-block-heading has-text-align-left @media screen and (max-width: 767px) { .h1-mobil font-size: 1.8rem !important; line-height: 1.3; }\">Det kompletta paketerbjudandet f\u00f6r dig som \u00e4lskar frukost! Inkluderat i paketet \u00e4r Ankarsrum k\u00f6ksassistent, mixer &amp; citruspress.<\/p>\n","protected":false},"featured_media":65496,"comment_status":"closed","ping_status":"closed","template":"","meta":{"_acf_changed":false,"content-type":"","editor_notices":[]},"product_brand":[],"product_cat":[695],"product_tag":[],"product-tag":[],"machines":[],"filter":[677],"class_list":{"0":"post-65598","1":"product","2":"type-product","3":"status-publish","4":"has-post-thumbnail","6":"product_cat-frukostpaket","7":"linked-variation-frukostema","8":"filter-frukostpaket","10":"first","11":"instock","12":"sale","13":"virtual","14":"taxable","15":"purchasable","16":"product-type-bundle"},"bundled_by":[],"bundle_stock_status":"instock","bundle_stock_quantity":"","bundle_virtual":false,"bundle_layout":"default","bundle_add_to_cart_form_location":"default","bundle_editable_in_cart":false,"bundle_sold_individually_context":"product","bundle_item_grouping":"parent","bundle_min_size":3,"bundle_max_size":3,"bundle_price":{"price":{"min":{"incl_tax":"8490","excl_tax":"6792"},"max":{"incl_tax":"8490","excl_tax":"6792"}},"regular_price":{"min":{"incl_tax":"9548","excl_tax":"7638.4"},"max":{"incl_tax":"9548","excl_tax":"7638.4"}}},"bundled_items":[{"bundled_item_id":148,"product_id":10437,"menu_order":0,"quantity_min":1,"quantity_max":1,"quantity_default":1,"priced_individually":true,"shipped_individually":false,"override_title":false,"title":"Ankarsrum Assistent Original K\u00f6ksassistent - Mineral White","override_description":false,"description":"","optional":false,"hide_thumbnail":false,"discount":"","override_variations":false,"allowed_variations":[],"override_default_variation_attributes":false,"default_variation_attributes":[],"single_product_visibility":"visible","cart_visibility":"visible","order_visibility":"visible","single_product_price_visibility":"hidden","cart_price_visibility":"visible","order_price_visibility":"visible","stock_status":"in_stock"},{"bundled_item_id":117,"product_id":10375,"menu_order":1,"quantity_min":1,"quantity_max":1,"quantity_default":1,"priced_individually":true,"shipped_individually":false,"override_title":false,"title":"Citruspress","override_description":false,"description":"","optional":false,"hide_thumbnail":false,"discount":"67.907574","override_variations":false,"allowed_variations":[],"override_default_variation_attributes":false,"default_variation_attributes":[],"single_product_visibility":"visible","cart_visibility":"visible","order_visibility":"visible","single_product_price_visibility":"hidden","cart_price_visibility":"visible","order_price_visibility":"visible","stock_status":"in_stock"},{"bundled_item_id":886,"product_id":75013,"menu_order":2,"quantity_min":1,"quantity_max":1,"quantity_default":1,"priced_individually":true,"shipped_individually":false,"override_title":false,"title":"Mixer med Mixerpinne","override_description":false,"description":"","optional":false,"hide_thumbnail":false,"discount":"67.907574","override_variations":false,"allowed_variations":[],"override_default_variation_attributes":false,"default_variation_attributes":[],"single_product_visibility":"visible","cart_visibility":"visible","order_visibility":"visible","single_product_price_visibility":"visible","cart_price_visibility":"visible","order_price_visibility":"visible","stock_status":"in_stock"}],"bundle_sell_ids":[],"acf":[],"_links":{"self":[{"href":"https:\/\/www.ankarsrum.com\/se\/wp-json\/wp\/v2\/product\/65598","targetHints":{"allow":["GET"]}}],"collection":[{"href":"https:\/\/www.ankarsrum.com\/se\/wp-json\/wp\/v2\/product"}],"about":[{"href":"https:\/\/www.ankarsrum.com\/se\/wp-json\/wp\/v2\/types\/product"}],"replies":[{"embeddable":true,"href":"https:\/\/www.ankarsrum.com\/se\/wp-json\/wp\/v2\/comments?post=65598"}],"wp:featuredmedia":[{"embeddable":true,"href":"https:\/\/www.ankarsrum.com\/se\/wp-json\/wp\/v2\/media\/65496"}],"wp:attachment":[{"href":"https:\/\/www.ankarsrum.com\/se\/wp-json\/wp\/v2\/media?parent=65598"}],"wp:term":[{"taxonomy":"product_brand","embeddable":true,"href":"https:\/\/www.ankarsrum.com\/se\/wp-json\/wp\/v2\/product_brand?post=65598"},{"taxonomy":"product_cat","embeddable":true,"href":"https:\/\/www.ankarsrum.com\/se\/wp-json\/wp\/v2\/product_cat?post=65598"},{"taxonomy":"product_tag","embeddable":true,"href":"https:\/\/www.ankarsrum.com\/se\/wp-json\/wp\/v2\/product_tag?post=65598"},{"taxonomy":"product-tag","embeddable":true,"href":"https:\/\/www.ankarsrum.com\/se\/wp-json\/wp\/v2\/product-tag?post=65598"},{"taxonomy":"machines","embeddable":true,"href":"https:\/\/www.ankarsrum.com\/se\/wp-json\/wp\/v2\/machines?post=65598"},{"taxonomy":"filter","embeddable":true,"href":"https:\/\/www.ankarsrum.com\/se\/wp-json\/wp\/v2\/filter?post=65598"}],"curies":[{"name":"wp","href":"https:\/\/api.w.org\/{rel}","templated":true}]}}