{"id":65710,"date":"2025-06-12T15:25:19","date_gmt":"2025-06-12T13:25:19","guid":{"rendered":"https:\/\/www.ankarsrum.com\/se\/?post_type=product&#038;p=65710"},"modified":"2025-12-10T16:38:59","modified_gmt":"2025-12-10T15:38:59","slug":"dessertpaket-ocean-blue","status":"publish","type":"product","link":"https:\/\/www.ankarsrum.com\/se\/produkt\/dessertpaket-ocean-blue\/","title":{"rendered":"Dessertpaket"},"content":{"rendered":"Vill du bem\u00e4stra mar\u00e4ng, vispa gr\u00e4dde eller g\u00f6ra glass fr\u00e5n grunden? D\u00e5 \u00e4r Ankarsrum din b\u00e4sta v\u00e4n i dessertk\u00f6ket. Den \u00e4r b\u00e5de kraftfull, stabil och byggd f\u00f6r att ge dig kreativ frihet \u2013 s\u00e5 att du som dessert\u00e4lskare kan fokusera p\u00e5 det roligaste: smaken, doften och skapandet.\r\n<h3 id=\"h-dessert-paketet-innehaller\" class=\"wp-block-heading\"><strong>Dessert-paketet inneh\u00e5ller:<\/strong><\/h3>\r\n<strong>Ankarsrum Assistent Original<\/strong>\u00a0\u2013f\u00f6r bullar, t\u00e5rtor och dr\u00f6mmiga bakverk\r\n\r\n<strong>Glassmaskin<\/strong>\u00a0\u2013 blanda och frys din egen glass, sorbet eller frozen yogurt\r\n\r\n<strong>Vispsk\u00e5l i metall<\/strong>\u00a0\u2013 vispa mar\u00e4ng, gr\u00e4dde, deg och fyllningar med perfekt resultat","protected":false},"excerpt":{"rendered":"<p id=\"h-fixa-din-helgfrukost-med-ett-komplett-paket\" class=\"wp-block-heading has-text-align-left @media screen and (max-width: 767px) { .h1-mobil font-size: 1.8rem !important; line-height: 1.3; }\">Det kompletta paketerbjudandet f\u00f6r dig som \u00e4lskar desserter! Inkluderat i paketet \u00e4r Ankarsrum k\u00f6ksassistent, glassmaskin &amp; vispsk\u00e5l i rostfritt st\u00e5l.<\/p>\n","protected":false},"featured_media":65713,"comment_status":"closed","ping_status":"closed","template":"","meta":{"_acf_changed":false,"content-type":"","editor_notices":[]},"product_brand":[],"product_cat":[694],"product_tag":[],"product-tag":[],"machines":[],"filter":[680],"class_list":{"0":"post-65710","1":"product","2":"type-product","3":"status-publish","4":"has-post-thumbnail","6":"product_cat-dessertpaket","7":"linked-variation-desserttema","8":"filter-dessertpaket","10":"first","11":"instock","12":"sale","13":"virtual","14":"taxable","15":"purchasable","16":"product-type-bundle"},"bundled_by":[],"bundle_stock_status":"instock","bundle_stock_quantity":"","bundle_virtual":false,"bundle_layout":"default","bundle_add_to_cart_form_location":"default","bundle_editable_in_cart":false,"bundle_sold_individually_context":"product","bundle_item_grouping":"parent","bundle_min_size":3,"bundle_max_size":3,"bundle_price":{"price":{"min":{"incl_tax":"9490","excl_tax":"7592"},"max":{"incl_tax":"9490","excl_tax":"7592"}},"regular_price":{"min":{"incl_tax":"10838","excl_tax":"8670.4"},"max":{"incl_tax":"10838","excl_tax":"8670.4"}}},"bundled_items":[{"bundled_item_id":282,"product_id":10450,"menu_order":0,"quantity_min":1,"quantity_max":1,"quantity_default":1,"priced_individually":true,"shipped_individually":false,"override_title":false,"title":"Ankarsrum Assistent Original K\u00f6ksassistent - Ocean Blue","override_description":false,"description":"","optional":false,"hide_thumbnail":false,"discount":"","override_variations":false,"allowed_variations":[],"override_default_variation_attributes":false,"default_variation_attributes":[],"single_product_visibility":"visible","cart_visibility":"visible","order_visibility":"visible","single_product_price_visibility":"hidden","cart_price_visibility":"visible","order_price_visibility":"visible","stock_status":"in_stock"},{"bundled_item_id":277,"product_id":44845,"menu_order":1,"quantity_min":1,"quantity_max":1,"quantity_default":1,"priced_individually":true,"shipped_individually":false,"override_title":false,"title":"Glassmaskin","override_description":false,"description":"","optional":false,"hide_thumbnail":false,"discount":"47.331461","override_variations":false,"allowed_variations":[],"override_default_variation_attributes":false,"default_variation_attributes":[],"single_product_visibility":"visible","cart_visibility":"visible","order_visibility":"visible","single_product_price_visibility":"hidden","cart_price_visibility":"visible","order_price_visibility":"visible","stock_status":"in_stock"},{"bundled_item_id":280,"product_id":46127,"menu_order":2,"quantity_min":1,"quantity_max":1,"quantity_default":1,"priced_individually":true,"shipped_individually":false,"override_title":false,"title":"Vispsk\u00e5l i rostfritt st\u00e5l","override_description":false,"description":"","optional":false,"hide_thumbnail":false,"discount":"47.331461","override_variations":false,"allowed_variations":[],"override_default_variation_attributes":false,"default_variation_attributes":[],"single_product_visibility":"visible","cart_visibility":"visible","order_visibility":"visible","single_product_price_visibility":"hidden","cart_price_visibility":"visible","order_price_visibility":"visible","stock_status":"in_stock"}],"bundle_sell_ids":[],"acf":[],"_links":{"self":[{"href":"https:\/\/www.ankarsrum.com\/se\/wp-json\/wp\/v2\/product\/65710","targetHints":{"allow":["GET"]}}],"collection":[{"href":"https:\/\/www.ankarsrum.com\/se\/wp-json\/wp\/v2\/product"}],"about":[{"href":"https:\/\/www.ankarsrum.com\/se\/wp-json\/wp\/v2\/types\/product"}],"replies":[{"embeddable":true,"href":"https:\/\/www.ankarsrum.com\/se\/wp-json\/wp\/v2\/comments?post=65710"}],"wp:featuredmedia":[{"embeddable":true,"href":"https:\/\/www.ankarsrum.com\/se\/wp-json\/wp\/v2\/media\/65713"}],"wp:attachment":[{"href":"https:\/\/www.ankarsrum.com\/se\/wp-json\/wp\/v2\/media?parent=65710"}],"wp:term":[{"taxonomy":"product_brand","embeddable":true,"href":"https:\/\/www.ankarsrum.com\/se\/wp-json\/wp\/v2\/product_brand?post=65710"},{"taxonomy":"product_cat","embeddable":true,"href":"https:\/\/www.ankarsrum.com\/se\/wp-json\/wp\/v2\/product_cat?post=65710"},{"taxonomy":"product_tag","embeddable":true,"href":"https:\/\/www.ankarsrum.com\/se\/wp-json\/wp\/v2\/product_tag?post=65710"},{"taxonomy":"product-tag","embeddable":true,"href":"https:\/\/www.ankarsrum.com\/se\/wp-json\/wp\/v2\/product-tag?post=65710"},{"taxonomy":"machines","embeddable":true,"href":"https:\/\/www.ankarsrum.com\/se\/wp-json\/wp\/v2\/machines?post=65710"},{"taxonomy":"filter","embeddable":true,"href":"https:\/\/www.ankarsrum.com\/se\/wp-json\/wp\/v2\/filter?post=65710"}],"curies":[{"name":"wp","href":"https:\/\/api.w.org\/{rel}","templated":true}]}}