{"id":66133,"date":"2025-06-18T10:37:59","date_gmt":"2025-06-18T08:37:59","guid":{"rendered":"https:\/\/www.ankarsrum.com\/se\/?post_type=product&#038;p=66133"},"modified":"2026-03-10T14:08:18","modified_gmt":"2026-03-10T13:08:18","slug":"middagspaket-mineral-white","status":"publish","type":"product","link":"https:\/\/www.ankarsrum.com\/se\/produkt\/middagspaket-mineral-white\/","title":{"rendered":"Middagspaket Mineral White"},"content":{"rendered":"Att laga middag hemma blir \u00e4nnu roligare n\u00e4r du g\u00f6r det tillsammans med v\u00e4nner. Med Ankarsrum Assistent Original och r\u00e4tt tillbeh\u00f6r blir allt enklare \u2013 dessutom sparar du tid och f\u00e5r plats att vara kreativ.\r\n<h3 id=\"h-inkluderat-i-middagspaketet\" class=\"wp-block-heading\">Inkluderat i Middagspaketet:<\/h3>\r\n<strong>Ankarsrum Assistent Original<\/strong>\u00a0\u2013 G\u00f6r br\u00f6d, kakor, bullar och desserter\r\n\r\n<strong>Blender<\/strong>\u00a0\u2013 Mixa smoothies, s\u00e5ser och h\u00e4rliga drinkar.\r\n\r\n<strong>K\u00f6ttvarn<\/strong>\u00a0\u2013Mal k\u00f6tt, fisk och gr\u00f6nsaker till l\u00e4ckra r\u00e4tter.\r\n\r\n<strong>Pastakit\u00a0<\/strong>\u2013 Valsa din egen pasta f\u00f6r lasagne, dumplings och empanadas.\r\n\r\n<strong>Glassmaskin<\/strong>\u00a0\u2013 G\u00f6r egen glass, gelato och sorbet","protected":false},"excerpt":{"rendered":"<p id=\"h-effektiv-vardagsmatlagning-med-ett-komplett-paket-fran-ankarsrum\" class=\"wp-block-heading has-text-align-left @media screen and (max-width: 767px) { .h1-mobil font-size: 1.8rem !important; line-height: 1.3; }\">Vill du laga mat som imponerar \u2013 men utan att beh\u00f6va t\u00e4nka p\u00e5 vilka tillbeh\u00f6r du ska v\u00e4lja?<br \/>\nMed det h\u00e4r kompletta paketet fr\u00e5n Ankarsrum f\u00e5r du alla tillbeh\u00f6r du beh\u00f6ver: Ankarsrum k\u00f6ksassistent, Glassmaskin, Mixer, K\u00f6ttkvarn &amp; Pastakit<\/p>\n","protected":false},"featured_media":66091,"comment_status":"closed","ping_status":"closed","template":"","meta":{"_acf_changed":false,"content-type":"","editor_notices":[]},"product_brand":[],"product_cat":[692],"product_tag":[],"product-tag":[],"machines":[],"filter":[685],"class_list":{"0":"post-66133","1":"product","2":"type-product","3":"status-publish","4":"has-post-thumbnail","6":"product_cat-middagspaket","7":"linked-variation-middagstema","8":"filter-middagspaket","10":"first","11":"instock","12":"sale","13":"virtual","14":"taxable","15":"purchasable","16":"product-type-bundle"},"bundled_by":[],"bundle_stock_status":"instock","bundle_stock_quantity":"","bundle_virtual":false,"bundle_layout":"default","bundle_add_to_cart_form_location":"default","bundle_editable_in_cart":false,"bundle_sold_individually_context":"product","bundle_item_grouping":"parent","bundle_min_size":5,"bundle_max_size":5,"bundle_price":{"price":{"min":{"incl_tax":"11490","excl_tax":"9192"},"max":{"incl_tax":"11490","excl_tax":"9192"}},"regular_price":{"min":{"incl_tax":"14286","excl_tax":"11428.8"},"max":{"incl_tax":"14286","excl_tax":"11428.8"}}},"bundled_items":[{"bundled_item_id":643,"product_id":10437,"menu_order":0,"quantity_min":1,"quantity_max":1,"quantity_default":1,"priced_individually":true,"shipped_individually":false,"override_title":false,"title":"Ankarsrum Assistent Original K\u00f6ksassistent - Mineral White","override_description":false,"description":"","optional":false,"hide_thumbnail":false,"discount":"","override_variations":false,"allowed_variations":[],"override_default_variation_attributes":false,"default_variation_attributes":[],"single_product_visibility":"visible","cart_visibility":"visible","order_visibility":"visible","single_product_price_visibility":"hidden","cart_price_visibility":"visible","order_price_visibility":"visible","stock_status":"in_stock"},{"bundled_item_id":634,"product_id":44845,"menu_order":1,"quantity_min":1,"quantity_max":1,"quantity_default":1,"priced_individually":true,"shipped_individually":false,"override_title":false,"title":"Glassmaskin","override_description":false,"description":"","optional":false,"hide_thumbnail":false,"discount":"44.409149","override_variations":false,"allowed_variations":[],"override_default_variation_attributes":false,"default_variation_attributes":[],"single_product_visibility":"visible","cart_visibility":"visible","order_visibility":"visible","single_product_price_visibility":"hidden","cart_price_visibility":"visible","order_price_visibility":"visible","stock_status":"in_stock"},{"bundled_item_id":637,"product_id":47984,"menu_order":2,"quantity_min":1,"quantity_max":1,"quantity_default":1,"priced_individually":true,"shipped_individually":false,"override_title":false,"title":"Pastavals baspaket","override_description":false,"description":"","optional":false,"hide_thumbnail":false,"discount":"44.409149","override_variations":false,"allowed_variations":[],"override_default_variation_attributes":false,"default_variation_attributes":[],"single_product_visibility":"visible","cart_visibility":"visible","order_visibility":"visible","single_product_price_visibility":"hidden","cart_price_visibility":"visible","order_price_visibility":"visible","stock_status":"in_stock"},{"bundled_item_id":640,"product_id":10390,"menu_order":3,"quantity_min":1,"quantity_max":1,"quantity_default":1,"priced_individually":true,"shipped_individually":false,"override_title":false,"title":"K\u00f6ttkvarn Baspaket","override_description":false,"description":"","optional":false,"hide_thumbnail":false,"discount":"44.409149","override_variations":false,"allowed_variations":[],"override_default_variation_attributes":false,"default_variation_attributes":[],"single_product_visibility":"visible","cart_visibility":"visible","order_visibility":"visible","single_product_price_visibility":"hidden","cart_price_visibility":"visible","order_price_visibility":"visible","stock_status":"in_stock"},{"bundled_item_id":868,"product_id":75013,"menu_order":4,"quantity_min":1,"quantity_max":1,"quantity_default":1,"priced_individually":true,"shipped_individually":false,"override_title":false,"title":"Mixer med Mixerpinne","override_description":false,"description":"","optional":false,"hide_thumbnail":false,"discount":"44.409149","override_variations":false,"allowed_variations":[],"override_default_variation_attributes":false,"default_variation_attributes":[],"single_product_visibility":"visible","cart_visibility":"visible","order_visibility":"visible","single_product_price_visibility":"visible","cart_price_visibility":"visible","order_price_visibility":"visible","stock_status":"in_stock"}],"bundle_sell_ids":[],"acf":[],"_links":{"self":[{"href":"https:\/\/www.ankarsrum.com\/se\/wp-json\/wp\/v2\/product\/66133","targetHints":{"allow":["GET"]}}],"collection":[{"href":"https:\/\/www.ankarsrum.com\/se\/wp-json\/wp\/v2\/product"}],"about":[{"href":"https:\/\/www.ankarsrum.com\/se\/wp-json\/wp\/v2\/types\/product"}],"replies":[{"embeddable":true,"href":"https:\/\/www.ankarsrum.com\/se\/wp-json\/wp\/v2\/comments?post=66133"}],"wp:featuredmedia":[{"embeddable":true,"href":"https:\/\/www.ankarsrum.com\/se\/wp-json\/wp\/v2\/media\/66091"}],"wp:attachment":[{"href":"https:\/\/www.ankarsrum.com\/se\/wp-json\/wp\/v2\/media?parent=66133"}],"wp:term":[{"taxonomy":"product_brand","embeddable":true,"href":"https:\/\/www.ankarsrum.com\/se\/wp-json\/wp\/v2\/product_brand?post=66133"},{"taxonomy":"product_cat","embeddable":true,"href":"https:\/\/www.ankarsrum.com\/se\/wp-json\/wp\/v2\/product_cat?post=66133"},{"taxonomy":"product_tag","embeddable":true,"href":"https:\/\/www.ankarsrum.com\/se\/wp-json\/wp\/v2\/product_tag?post=66133"},{"taxonomy":"product-tag","embeddable":true,"href":"https:\/\/www.ankarsrum.com\/se\/wp-json\/wp\/v2\/product-tag?post=66133"},{"taxonomy":"machines","embeddable":true,"href":"https:\/\/www.ankarsrum.com\/se\/wp-json\/wp\/v2\/machines?post=66133"},{"taxonomy":"filter","embeddable":true,"href":"https:\/\/www.ankarsrum.com\/se\/wp-json\/wp\/v2\/filter?post=66133"}],"curies":[{"name":"wp","href":"https:\/\/api.w.org\/{rel}","templated":true}]}}