{"id":66275,"date":"2025-06-23T11:26:38","date_gmt":"2025-06-23T09:26:38","guid":{"rendered":"https:\/\/www.ankarsrum.com\/se\/?post_type=product&#038;p=66275"},"modified":"2026-03-10T13:59:29","modified_gmt":"2026-03-10T12:59:29","slug":"middagskombo","status":"publish","type":"product","link":"https:\/\/www.ankarsrum.com\/se\/produkt\/middagskombo\/","title":{"rendered":"Middagskombo"},"content":{"rendered":"Att laga middag hemma blir \u00e4nnu roligare n\u00e4r du g\u00f6r det tillsammans med v\u00e4nner. Med Ankarsrum Assistent Original och r\u00e4tt tillbeh\u00f6r blir allt enklare \u2013 dessutom sparar du tid och f\u00e5r plats att vara kreativ.\r\n<h3 id=\"h-inkluderat-i-middagspaketet\" class=\"wp-block-heading\">Inkluderat i Middagspaketet:<\/h3>\r\n<strong>Blender<\/strong>\u00a0\u2013 Mixa smoothies, s\u00e5ser och h\u00e4rliga drinkar.\r\n\r\n<strong>K\u00f6ttvarn<\/strong>\u00a0\u2013Mal k\u00f6tt, fisk och gr\u00f6nsaker till l\u00e4ckra r\u00e4tter.\r\n\r\n<strong>Pastakit\u00a0<\/strong>\u2013 Valsa din egen pasta f\u00f6r lasagne, dumplings och empanadas.\r\n\r\n<strong>Glassmaskin<\/strong>\u00a0\u2013 G\u00f6r egen glass, gelato och sorbet","protected":false},"excerpt":{"rendered":"<p id=\"h-effektiv-vardagsmatlagning-med-ett-komplett-paket-fran-ankarsrum\" class=\"wp-block-heading has-text-align-left @media screen and (max-width: 767px) { .h1-mobil font-size: 1.8rem !important; line-height: 1.3; }\">Vill du laga mat som imponerar \u2013 men utan att beh\u00f6va t\u00e4nka p\u00e5 vilka tillbeh\u00f6r du ska v\u00e4lja?<br \/>\nMed det h\u00e4r kompletta tillbeh\u00f6rspaketet fr\u00e5n Ankarsrum f\u00e5r du alla tillbeh\u00f6r du beh\u00f6ver: Glassmaskin, Mixer, K\u00f6ttkvarn &amp; Pastakit<\/p>\n","protected":false},"featured_media":67177,"comment_status":"closed","ping_status":"closed","template":"","meta":{"_acf_changed":false,"content-type":"","editor_notices":[]},"product_brand":[],"product_cat":[692,661,139],"product_tag":[],"product-tag":[],"machines":[],"filter":[323],"class_list":{"0":"post-66275","1":"product","2":"type-product","3":"status-publish","4":"has-post-thumbnail","6":"product_cat-middagspaket","7":"product_cat-paketerbjudande","8":"product_cat-ankarsrum-tillbehor","9":"filter-tillbehorspaket","11":"first","12":"instock","13":"sale","14":"virtual","15":"taxable","16":"purchasable","17":"product-type-bundle"},"bundled_by":[],"bundle_stock_status":"instock","bundle_stock_quantity":"","bundle_virtual":false,"bundle_layout":"default","bundle_add_to_cart_form_location":"default","bundle_editable_in_cart":false,"bundle_sold_individually_context":"product","bundle_item_grouping":"parent","bundle_min_size":4,"bundle_max_size":4,"bundle_price":{"price":{"min":{"incl_tax":"4799","excl_tax":"3839.2"},"max":{"incl_tax":"4799","excl_tax":"3839.2"}},"regular_price":{"min":{"incl_tax":"6296","excl_tax":"5036.8"},"max":{"incl_tax":"6296","excl_tax":"5036.8"}}},"bundled_items":[{"bundled_item_id":803,"product_id":44845,"menu_order":0,"quantity_min":1,"quantity_max":1,"quantity_default":1,"priced_individually":true,"shipped_individually":false,"override_title":false,"title":"Glassmaskin","override_description":false,"description":"","optional":false,"hide_thumbnail":false,"discount":"23.776","override_variations":false,"allowed_variations":[],"override_default_variation_attributes":false,"default_variation_attributes":[],"single_product_visibility":"visible","cart_visibility":"visible","order_visibility":"visible","single_product_price_visibility":"hidden","cart_price_visibility":"visible","order_price_visibility":"visible","stock_status":"in_stock"},{"bundled_item_id":806,"product_id":47984,"menu_order":1,"quantity_min":1,"quantity_max":1,"quantity_default":1,"priced_individually":true,"shipped_individually":false,"override_title":false,"title":"Pastavals baspaket","override_description":false,"description":"","optional":false,"hide_thumbnail":false,"discount":"23.776","override_variations":false,"allowed_variations":[],"override_default_variation_attributes":false,"default_variation_attributes":[],"single_product_visibility":"visible","cart_visibility":"visible","order_visibility":"visible","single_product_price_visibility":"hidden","cart_price_visibility":"visible","order_price_visibility":"visible","stock_status":"in_stock"},{"bundled_item_id":809,"product_id":10390,"menu_order":2,"quantity_min":1,"quantity_max":1,"quantity_default":1,"priced_individually":true,"shipped_individually":false,"override_title":false,"title":"K\u00f6ttkvarn Baspaket","override_description":false,"description":"","optional":false,"hide_thumbnail":false,"discount":"23.779","override_variations":false,"allowed_variations":[],"override_default_variation_attributes":false,"default_variation_attributes":[],"single_product_visibility":"visible","cart_visibility":"visible","order_visibility":"visible","single_product_price_visibility":"hidden","cart_price_visibility":"visible","order_price_visibility":"visible","stock_status":"in_stock"},{"bundled_item_id":845,"product_id":75013,"menu_order":3,"quantity_min":1,"quantity_max":1,"quantity_default":1,"priced_individually":true,"shipped_individually":false,"override_title":false,"title":"Mixer med Mixerpinne","override_description":false,"description":"","optional":false,"hide_thumbnail":false,"discount":"23.777","override_variations":false,"allowed_variations":[],"override_default_variation_attributes":false,"default_variation_attributes":[],"single_product_visibility":"visible","cart_visibility":"visible","order_visibility":"visible","single_product_price_visibility":"visible","cart_price_visibility":"visible","order_price_visibility":"visible","stock_status":"in_stock"}],"bundle_sell_ids":[],"acf":[],"_links":{"self":[{"href":"https:\/\/www.ankarsrum.com\/se\/wp-json\/wp\/v2\/product\/66275","targetHints":{"allow":["GET"]}}],"collection":[{"href":"https:\/\/www.ankarsrum.com\/se\/wp-json\/wp\/v2\/product"}],"about":[{"href":"https:\/\/www.ankarsrum.com\/se\/wp-json\/wp\/v2\/types\/product"}],"replies":[{"embeddable":true,"href":"https:\/\/www.ankarsrum.com\/se\/wp-json\/wp\/v2\/comments?post=66275"}],"wp:featuredmedia":[{"embeddable":true,"href":"https:\/\/www.ankarsrum.com\/se\/wp-json\/wp\/v2\/media\/67177"}],"wp:attachment":[{"href":"https:\/\/www.ankarsrum.com\/se\/wp-json\/wp\/v2\/media?parent=66275"}],"wp:term":[{"taxonomy":"product_brand","embeddable":true,"href":"https:\/\/www.ankarsrum.com\/se\/wp-json\/wp\/v2\/product_brand?post=66275"},{"taxonomy":"product_cat","embeddable":true,"href":"https:\/\/www.ankarsrum.com\/se\/wp-json\/wp\/v2\/product_cat?post=66275"},{"taxonomy":"product_tag","embeddable":true,"href":"https:\/\/www.ankarsrum.com\/se\/wp-json\/wp\/v2\/product_tag?post=66275"},{"taxonomy":"product-tag","embeddable":true,"href":"https:\/\/www.ankarsrum.com\/se\/wp-json\/wp\/v2\/product-tag?post=66275"},{"taxonomy":"machines","embeddable":true,"href":"https:\/\/www.ankarsrum.com\/se\/wp-json\/wp\/v2\/machines?post=66275"},{"taxonomy":"filter","embeddable":true,"href":"https:\/\/www.ankarsrum.com\/se\/wp-json\/wp\/v2\/filter?post=66275"}],"curies":[{"name":"wp","href":"https:\/\/api.w.org\/{rel}","templated":true}]}}