{"id":66287,"date":"2025-06-23T11:58:16","date_gmt":"2025-06-23T09:58:16","guid":{"rendered":"https:\/\/www.ankarsrum.com\/se\/?post_type=product&#038;p=66287"},"modified":"2026-03-10T13:57:59","modified_gmt":"2026-03-10T12:57:59","slug":"vardagskombo","status":"publish","type":"product","link":"https:\/\/www.ankarsrum.com\/se\/produkt\/vardagskombo\/","title":{"rendered":"Vardagskombo"},"content":{"rendered":"N\u00e4r vardagen rullar p\u00e5 i h\u00f6gt tempo blir Ankarsrum k\u00f6ksassistent din b\u00e4sta hj\u00e4lp i k\u00f6ket. Den hj\u00e4lper dig att f\u00f6rbereda stora satser mat och dessutom mixa smoothies f\u00f6r hela veckan. Spara tid, minska stressen \u2013 och njut mer av vardagen.\r\n<h3 id=\"h-inkluderat-i-vardagspaketet\" class=\"wp-block-heading\">Inkluderat i Vardagspaketet:<\/h3>\r\n<strong>Blender<\/strong>\u00a0\u2013 Mixa soppor, pannkakssmet, smoothie, dip &amp; r\u00f6ror\r\n\r\n<strong>K\u00f6ttkvarn<\/strong>\u00a0\u2013Mal k\u00f6ttf\u00e4rs, k\u00f6ttbullar, fyllda gr\u00f6nsaker, tacof\u00e4rs \u2013 bulka upp och frys in\r\n\r\n<strong>Gr\u00f6nsakssk\u00e4rare<\/strong>\u00a0\u2013 Riv och skiva gr\u00f6nsaker till wok, grat\u00e4nger, storkok och grytor","protected":false},"excerpt":{"rendered":"<p id=\"h-effektiv-vardagsmatlagning-med-ett-komplett-paket-fran-ankarsrum\" class=\"wp-block-heading has-text-align-left @media screen and (max-width: 767px) { .h1-mobil font-size: 1.8rem !important; line-height: 1.3; }\">Effektiv vardagsmatlagning \u2013 med ett komplett tillbeh\u00f6rspaket fr\u00e5n Ankarsrum. Med Blenderkannan, K\u00f6ttkvarnen och Gr\u00f6nsakssk\u00e4raren blir vardagsmaten b\u00e5de enklare och dessutom snabbare att laga. L\u00e5t Ankarsrums smarta tillbeh\u00f6r underl\u00e4tta i vardagen!<\/p>\n","protected":false},"featured_media":67170,"comment_status":"closed","ping_status":"closed","template":"","meta":{"_acf_changed":false,"content-type":"","editor_notices":[]},"product_brand":[],"product_cat":[661,139,693],"product_tag":[],"product-tag":[],"machines":[],"filter":[323],"class_list":{"0":"post-66287","1":"product","2":"type-product","3":"status-publish","4":"has-post-thumbnail","6":"product_cat-paketerbjudande","7":"product_cat-ankarsrum-tillbehor","8":"product_cat-vardagspaket","9":"filter-tillbehorspaket","11":"first","12":"instock","13":"sale","14":"virtual","15":"taxable","16":"purchasable","17":"product-type-bundle"},"bundled_by":[],"bundle_stock_status":"instock","bundle_stock_quantity":"","bundle_virtual":false,"bundle_layout":"default","bundle_add_to_cart_form_location":"default","bundle_editable_in_cart":false,"bundle_sold_individually_context":"product","bundle_item_grouping":"parent","bundle_min_size":3,"bundle_max_size":3,"bundle_price":{"price":{"min":{"incl_tax":"3599","excl_tax":"2879.2"},"max":{"incl_tax":"3599","excl_tax":"2879.2"}},"regular_price":{"min":{"incl_tax":"4647","excl_tax":"3717.6"},"max":{"incl_tax":"4647","excl_tax":"3717.6"}}},"bundled_items":[{"bundled_item_id":818,"product_id":10390,"menu_order":0,"quantity_min":1,"quantity_max":1,"quantity_default":1,"priced_individually":true,"shipped_individually":false,"override_title":false,"title":"K\u00f6ttkvarn Baspaket","override_description":false,"description":"","optional":false,"hide_thumbnail":false,"discount":"22.552184","override_variations":false,"allowed_variations":[],"override_default_variation_attributes":false,"default_variation_attributes":[],"single_product_visibility":"visible","cart_visibility":"visible","order_visibility":"visible","single_product_price_visibility":"hidden","cart_price_visibility":"visible","order_price_visibility":"visible","stock_status":"in_stock"},{"bundled_item_id":821,"product_id":10381,"menu_order":1,"quantity_min":1,"quantity_max":1,"quantity_default":1,"priced_individually":true,"shipped_individually":false,"override_title":false,"title":"Gr\u00f6nsakssk\u00e4rare","override_description":false,"description":"","optional":false,"hide_thumbnail":false,"discount":"22.552184","override_variations":false,"allowed_variations":[],"override_default_variation_attributes":false,"default_variation_attributes":[],"single_product_visibility":"visible","cart_visibility":"visible","order_visibility":"visible","single_product_price_visibility":"hidden","cart_price_visibility":"visible","order_price_visibility":"visible","stock_status":"in_stock"},{"bundled_item_id":843,"product_id":75013,"menu_order":2,"quantity_min":1,"quantity_max":1,"quantity_default":1,"priced_individually":true,"shipped_individually":false,"override_title":false,"title":"Mixer med Mixerpinne","override_description":false,"description":"","optional":false,"hide_thumbnail":false,"discount":"22.552184","override_variations":false,"allowed_variations":[],"override_default_variation_attributes":false,"default_variation_attributes":[],"single_product_visibility":"visible","cart_visibility":"visible","order_visibility":"visible","single_product_price_visibility":"visible","cart_price_visibility":"visible","order_price_visibility":"visible","stock_status":"in_stock"}],"bundle_sell_ids":[],"acf":[],"_links":{"self":[{"href":"https:\/\/www.ankarsrum.com\/se\/wp-json\/wp\/v2\/product\/66287","targetHints":{"allow":["GET"]}}],"collection":[{"href":"https:\/\/www.ankarsrum.com\/se\/wp-json\/wp\/v2\/product"}],"about":[{"href":"https:\/\/www.ankarsrum.com\/se\/wp-json\/wp\/v2\/types\/product"}],"replies":[{"embeddable":true,"href":"https:\/\/www.ankarsrum.com\/se\/wp-json\/wp\/v2\/comments?post=66287"}],"wp:featuredmedia":[{"embeddable":true,"href":"https:\/\/www.ankarsrum.com\/se\/wp-json\/wp\/v2\/media\/67170"}],"wp:attachment":[{"href":"https:\/\/www.ankarsrum.com\/se\/wp-json\/wp\/v2\/media?parent=66287"}],"wp:term":[{"taxonomy":"product_brand","embeddable":true,"href":"https:\/\/www.ankarsrum.com\/se\/wp-json\/wp\/v2\/product_brand?post=66287"},{"taxonomy":"product_cat","embeddable":true,"href":"https:\/\/www.ankarsrum.com\/se\/wp-json\/wp\/v2\/product_cat?post=66287"},{"taxonomy":"product_tag","embeddable":true,"href":"https:\/\/www.ankarsrum.com\/se\/wp-json\/wp\/v2\/product_tag?post=66287"},{"taxonomy":"product-tag","embeddable":true,"href":"https:\/\/www.ankarsrum.com\/se\/wp-json\/wp\/v2\/product-tag?post=66287"},{"taxonomy":"machines","embeddable":true,"href":"https:\/\/www.ankarsrum.com\/se\/wp-json\/wp\/v2\/machines?post=66287"},{"taxonomy":"filter","embeddable":true,"href":"https:\/\/www.ankarsrum.com\/se\/wp-json\/wp\/v2\/filter?post=66287"}],"curies":[{"name":"wp","href":"https:\/\/api.w.org\/{rel}","templated":true}]}}