{"id":66293,"date":"2025-06-23T13:00:13","date_gmt":"2025-06-23T11:00:13","guid":{"rendered":"https:\/\/www.ankarsrum.com\/se\/?post_type=product&#038;p=66293"},"modified":"2025-10-30T15:38:07","modified_gmt":"2025-10-30T14:38:07","slug":"dessertkombo","status":"publish","type":"product","link":"https:\/\/www.ankarsrum.com\/se\/produkt\/dessertkombo\/","title":{"rendered":"Dessertkombo"},"content":{"rendered":"Vill du bem\u00e4stra mar\u00e4ng, vispa gr\u00e4dde eller g\u00f6ra glass fr\u00e5n grunden? D\u00e5 \u00e4r Ankarsrum din b\u00e4sta v\u00e4n i dessertk\u00f6ket. Den \u00e4r b\u00e5de kraftfull, stabil och byggd f\u00f6r att ge dig kreativ frihet \u2013 s\u00e5 att du som dessert\u00e4lskare kan fokusera p\u00e5 det roligaste: smaken, doften och skapandet.\r\n<h3 id=\"h-dessert-paketet-innehaller\" class=\"wp-block-heading\"><strong>Dessert-paketet inneh\u00e5ller:<\/strong><\/h3>\r\n<strong>Glassmaskin<\/strong>\u00a0\u2013 blanda och frys din egen glass, sorbet eller frozen yogurt\r\n\r\n<strong>Vispsk\u00e5l i metall<\/strong>\u00a0\u2013 vispa mar\u00e4ng, gr\u00e4dde, deg och fyllningar med perfekt resultat","protected":false},"excerpt":{"rendered":"<p id=\"h-fixa-din-helgfrukost-med-ett-komplett-paket\" class=\"wp-block-heading has-text-align-left @media screen and (max-width: 767px) { .h1-mobil font-size: 1.8rem !important; line-height: 1.3; }\">Det kompletta paketerbjudandet f\u00f6r dig som \u00e4lskar desserter! Inkluderat i paketet: Glassmaskin &amp; vispsk\u00e5l i rostfritt st\u00e5l &#8211; dom perfekta tillbeh\u00f6ren f\u00f6r dig som \u00e4lskar att vara kreativ och skapa goda desserter.<\/p>\n","protected":false},"featured_media":67172,"comment_status":"closed","ping_status":"closed","template":"","meta":{"_acf_changed":false,"content-type":"","editor_notices":[]},"product_brand":[],"product_cat":[694,661,139],"product_tag":[],"product-tag":[],"machines":[],"filter":[323],"class_list":{"0":"post-66293","1":"product","2":"type-product","3":"status-publish","4":"has-post-thumbnail","6":"product_cat-dessertpaket","7":"product_cat-paketerbjudande","8":"product_cat-ankarsrum-tillbehor","9":"filter-tillbehorspaket","11":"first","12":"instock","13":"sale","14":"virtual","15":"taxable","16":"purchasable","17":"product-type-bundle"},"bundled_by":[],"bundle_stock_status":"instock","bundle_stock_quantity":"","bundle_virtual":false,"bundle_layout":"default","bundle_add_to_cart_form_location":"default","bundle_editable_in_cart":false,"bundle_sold_individually_context":"product","bundle_item_grouping":"parent","bundle_min_size":2,"bundle_max_size":2,"bundle_price":{"price":{"min":{"incl_tax":"2199","excl_tax":"1759.2"},"max":{"incl_tax":"2199","excl_tax":"1759.2"}},"regular_price":{"min":{"incl_tax":"2848","excl_tax":"2278.4"},"max":{"incl_tax":"2848","excl_tax":"2278.4"}}},"bundled_items":[{"bundled_item_id":827,"product_id":44845,"menu_order":0,"quantity_min":1,"quantity_max":1,"quantity_default":1,"priced_individually":true,"shipped_individually":false,"override_title":false,"title":"Glassmaskin","override_description":false,"description":"","optional":false,"hide_thumbnail":false,"discount":"22.787921","override_variations":false,"allowed_variations":[],"override_default_variation_attributes":false,"default_variation_attributes":[],"single_product_visibility":"visible","cart_visibility":"visible","order_visibility":"visible","single_product_price_visibility":"hidden","cart_price_visibility":"visible","order_price_visibility":"visible","stock_status":"in_stock"},{"bundled_item_id":830,"product_id":46127,"menu_order":1,"quantity_min":1,"quantity_max":1,"quantity_default":1,"priced_individually":true,"shipped_individually":false,"override_title":false,"title":"Vispsk\u00e5l i rostfritt st\u00e5l","override_description":false,"description":"","optional":false,"hide_thumbnail":false,"discount":"22.787921","override_variations":false,"allowed_variations":[],"override_default_variation_attributes":false,"default_variation_attributes":[],"single_product_visibility":"visible","cart_visibility":"visible","order_visibility":"visible","single_product_price_visibility":"hidden","cart_price_visibility":"visible","order_price_visibility":"visible","stock_status":"in_stock"}],"bundle_sell_ids":[],"acf":[],"_links":{"self":[{"href":"https:\/\/www.ankarsrum.com\/se\/wp-json\/wp\/v2\/product\/66293","targetHints":{"allow":["GET"]}}],"collection":[{"href":"https:\/\/www.ankarsrum.com\/se\/wp-json\/wp\/v2\/product"}],"about":[{"href":"https:\/\/www.ankarsrum.com\/se\/wp-json\/wp\/v2\/types\/product"}],"replies":[{"embeddable":true,"href":"https:\/\/www.ankarsrum.com\/se\/wp-json\/wp\/v2\/comments?post=66293"}],"wp:featuredmedia":[{"embeddable":true,"href":"https:\/\/www.ankarsrum.com\/se\/wp-json\/wp\/v2\/media\/67172"}],"wp:attachment":[{"href":"https:\/\/www.ankarsrum.com\/se\/wp-json\/wp\/v2\/media?parent=66293"}],"wp:term":[{"taxonomy":"product_brand","embeddable":true,"href":"https:\/\/www.ankarsrum.com\/se\/wp-json\/wp\/v2\/product_brand?post=66293"},{"taxonomy":"product_cat","embeddable":true,"href":"https:\/\/www.ankarsrum.com\/se\/wp-json\/wp\/v2\/product_cat?post=66293"},{"taxonomy":"product_tag","embeddable":true,"href":"https:\/\/www.ankarsrum.com\/se\/wp-json\/wp\/v2\/product_tag?post=66293"},{"taxonomy":"product-tag","embeddable":true,"href":"https:\/\/www.ankarsrum.com\/se\/wp-json\/wp\/v2\/product-tag?post=66293"},{"taxonomy":"machines","embeddable":true,"href":"https:\/\/www.ankarsrum.com\/se\/wp-json\/wp\/v2\/machines?post=66293"},{"taxonomy":"filter","embeddable":true,"href":"https:\/\/www.ankarsrum.com\/se\/wp-json\/wp\/v2\/filter?post=66293"}],"curies":[{"name":"wp","href":"https:\/\/api.w.org\/{rel}","templated":true}]}}