{"id":66295,"date":"2025-06-23T13:08:45","date_gmt":"2025-06-23T11:08:45","guid":{"rendered":"https:\/\/www.ankarsrum.com\/se\/?post_type=product&#038;p=66295"},"modified":"2026-03-10T13:56:07","modified_gmt":"2026-03-10T12:56:07","slug":"frukostkombo","status":"publish","type":"product","link":"https:\/\/www.ankarsrum.com\/se\/produkt\/frukostkombo\/","title":{"rendered":"Frukostkombo"},"content":{"rendered":"Det finns n\u00e5got magiskt med en lugn helgfrukost hemma i k\u00f6ket tillsammans med sina n\u00e4rmsta. Doften av nybakat br\u00f6d, smaken av f\u00e4rskpressad juice och dessutom en len smoothie i sk\u00e5len, det \u00e4r verkligen n\u00e5got att l\u00e4ngta till. Med Ankarsrums Frukostpaket blir det enkelt att njuta av varje stund \u2013 hemma i ditt eget k\u00f6k.\r\n<h3 id=\"h-inkluderat-i-frukostpaketet\" class=\"wp-block-heading\">Inkluderat i Frukostpaketet:<\/h3>\r\n<strong>Citruspress<\/strong>\u00a0\u2013Pressa apelsin, citron eller till och med grapefrukt.\r\n\r\n<strong>Blender\u00a0<\/strong>\u2013 Mixa smoothies, bowls och dessutom kr\u00e4miga drycker.","protected":false},"excerpt":{"rendered":"<p id=\"h-fixa-din-helgfrukost-med-ett-komplett-paket\" class=\"wp-block-heading has-text-align-left @media screen and (max-width: 767px) { .h1-mobil font-size: 1.8rem !important; line-height: 1.3; }\">Det kompletta paketerbjudandet f\u00f6r dig som \u00e4lskar frukost! Inkluderat i tillbeh\u00f6rspaketet: Mixer &amp; Citruspress.<\/p>\n","protected":false},"featured_media":67174,"comment_status":"closed","ping_status":"closed","template":"","meta":{"_acf_changed":false,"content-type":"","editor_notices":[]},"product_brand":[],"product_cat":[695,661,139],"product_tag":[],"product-tag":[],"machines":[],"filter":[323],"class_list":{"0":"post-66295","1":"product","2":"type-product","3":"status-publish","4":"has-post-thumbnail","6":"product_cat-frukostpaket","7":"product_cat-paketerbjudande","8":"product_cat-ankarsrum-tillbehor","9":"filter-tillbehorspaket","11":"first","12":"instock","13":"sale","14":"virtual","15":"taxable","16":"purchasable","17":"product-type-bundle"},"bundled_by":[],"bundle_stock_status":"instock","bundle_stock_quantity":"","bundle_virtual":false,"bundle_layout":"default","bundle_add_to_cart_form_location":"default","bundle_editable_in_cart":false,"bundle_sold_individually_context":"product","bundle_item_grouping":"parent","bundle_min_size":2,"bundle_max_size":2,"bundle_price":{"price":{"min":{"incl_tax":"1199","excl_tax":"959.2"},"max":{"incl_tax":"1199","excl_tax":"959.2"}},"regular_price":{"min":{"incl_tax":"1558","excl_tax":"1246.4"},"max":{"incl_tax":"1558","excl_tax":"1246.4"}}},"bundled_items":[{"bundled_item_id":838,"product_id":10375,"menu_order":0,"quantity_min":1,"quantity_max":1,"quantity_default":1,"priced_individually":true,"shipped_individually":false,"override_title":false,"title":"Citruspress","override_description":false,"description":"","optional":false,"hide_thumbnail":false,"discount":"23.093682","override_variations":false,"allowed_variations":[],"override_default_variation_attributes":false,"default_variation_attributes":[],"single_product_visibility":"visible","cart_visibility":"visible","order_visibility":"visible","single_product_price_visibility":"hidden","cart_price_visibility":"visible","order_price_visibility":"visible","stock_status":"in_stock"},{"bundled_item_id":841,"product_id":75013,"menu_order":1,"quantity_min":1,"quantity_max":1,"quantity_default":1,"priced_individually":true,"shipped_individually":false,"override_title":false,"title":"Mixer med Mixerpinne","override_description":false,"description":"","optional":false,"hide_thumbnail":false,"discount":"23.020928","override_variations":false,"allowed_variations":[],"override_default_variation_attributes":false,"default_variation_attributes":[],"single_product_visibility":"visible","cart_visibility":"visible","order_visibility":"visible","single_product_price_visibility":"visible","cart_price_visibility":"visible","order_price_visibility":"visible","stock_status":"in_stock"}],"bundle_sell_ids":[],"acf":[],"_links":{"self":[{"href":"https:\/\/www.ankarsrum.com\/se\/wp-json\/wp\/v2\/product\/66295","targetHints":{"allow":["GET"]}}],"collection":[{"href":"https:\/\/www.ankarsrum.com\/se\/wp-json\/wp\/v2\/product"}],"about":[{"href":"https:\/\/www.ankarsrum.com\/se\/wp-json\/wp\/v2\/types\/product"}],"replies":[{"embeddable":true,"href":"https:\/\/www.ankarsrum.com\/se\/wp-json\/wp\/v2\/comments?post=66295"}],"wp:featuredmedia":[{"embeddable":true,"href":"https:\/\/www.ankarsrum.com\/se\/wp-json\/wp\/v2\/media\/67174"}],"wp:attachment":[{"href":"https:\/\/www.ankarsrum.com\/se\/wp-json\/wp\/v2\/media?parent=66295"}],"wp:term":[{"taxonomy":"product_brand","embeddable":true,"href":"https:\/\/www.ankarsrum.com\/se\/wp-json\/wp\/v2\/product_brand?post=66295"},{"taxonomy":"product_cat","embeddable":true,"href":"https:\/\/www.ankarsrum.com\/se\/wp-json\/wp\/v2\/product_cat?post=66295"},{"taxonomy":"product_tag","embeddable":true,"href":"https:\/\/www.ankarsrum.com\/se\/wp-json\/wp\/v2\/product_tag?post=66295"},{"taxonomy":"product-tag","embeddable":true,"href":"https:\/\/www.ankarsrum.com\/se\/wp-json\/wp\/v2\/product-tag?post=66295"},{"taxonomy":"machines","embeddable":true,"href":"https:\/\/www.ankarsrum.com\/se\/wp-json\/wp\/v2\/machines?post=66295"},{"taxonomy":"filter","embeddable":true,"href":"https:\/\/www.ankarsrum.com\/se\/wp-json\/wp\/v2\/filter?post=66295"}],"curies":[{"name":"wp","href":"https:\/\/api.w.org\/{rel}","templated":true}]}}