{"id":66532,"date":"2024-07-16T09:00:53","date_gmt":"2024-07-16T07:00:53","guid":{"rendered":"https:\/\/www.ankarsrum.com\/se\/produkt\/kottkvarn-komplett-2\/"},"modified":"2026-05-04T14:06:51","modified_gmt":"2026-05-04T12:06:51","slug":"kottkvarn-komplett-2","status":"publish","type":"product","link":"https:\/\/www.ankarsrum.com\/se\/produkt\/kottkvarn-komplett-2\/","title":{"rendered":"K\u00f6ttkvarn Komplett"},"content":{"rendered":"<p class=\"MsoNormal\" style=\"mso-margin-top-alt: auto; mso-margin-bottom-alt: auto; line-height: normal;\"><span style=\"mso-fareast-font-family: &#039;Times New Roman&#039;; mso-bidi-font-family: &#039;Times New Roman&#039;; mso-font-kerning: 0pt; mso-ligatures: none; mso-fareast-language: SV;\">Med Ankarsrums K\u00f6ttkvarn Komplett f\u00e5r du allt du beh\u00f6ver f\u00f6r att ta din matlagning till n\u00e4sta niv\u00e5. F\u00f6rutom kvarnen f\u00e5r du fem tillbeh\u00f6r som du enkelt monterar p\u00e5 din K\u00f6ttkvarn, vilket g\u00f6r den \u00e4nnu mer m\u00e5ngsidig. Mal ditt eget k\u00f6tt, g\u00f6r hemlagad korv, passera frukt till sylt och pur\u00e9er, riv parmesan eller n\u00f6tter med l\u00e4tthet. Allt detta med en och samma kvarn!<\/span><\/p>\n<p class=\"MsoNormal\" style=\"mso-margin-top-alt: auto; mso-margin-bottom-alt: auto; line-height: normal;\"><strong><span style=\"mso-fareast-font-family: &#039;Times New Roman&#039;; mso-bidi-font-family: &#039;Times New Roman&#039;; mso-font-kerning: 0pt; mso-ligatures: none; mso-fareast-language: SV;\">K\u00f6ttkvarn med h\u00e5lskivor &amp; korvhorn<\/span><\/strong><span style=\"mso-fareast-font-family: &#039;Times New Roman&#039;; mso-bidi-font-family: &#039;Times New Roman&#039;; mso-font-kerning: 0pt; mso-ligatures: none; mso-fareast-language: SV;\"> \u2013 Mala k\u00f6tt till f\u00e4rs, forma egna korvar eller g\u00f6r vegetariska alternativ som falafel och kik\u00e4rtsf\u00e4rs. <\/span><span style=\"mso-fareast-font-family: &#039;Times New Roman&#039;; mso-font-kerning: 0pt; mso-ligatures: none; mso-fareast-language: SV;\"><br \/><\/span><strong><span style=\"mso-fareast-font-family: &#039;Times New Roman&#039;; mso-bidi-font-family: &#039;Times New Roman&#039;; mso-font-kerning: 0pt; mso-ligatures: none; mso-fareast-language: SV;\">Passertillsats<\/span><\/strong><span style=\"mso-fareast-font-family: &#039;Times New Roman&#039;; mso-bidi-font-family: &#039;Times New Roman&#039;; mso-font-kerning: 0pt; mso-ligatures: none; mso-fareast-language: SV;\"> \u2013 Perfekt f\u00f6r att g\u00f6ra sl\u00e4ta pur\u00e9er, barnmat, sylt och marmelad.<br \/><strong>Rivtillsats<\/strong> \u2013 Riv allt fr\u00e5n parmesan och choklad till n\u00f6tter och potatis.<br \/><\/span><\/p>\n<p class=\"MsoNormal\" style=\"mso-margin-top-alt: auto; mso-margin-bottom-alt: auto; line-height: normal;\"><span style=\"mso-fareast-font-family: &#039;Times New Roman&#039;; mso-bidi-font-family: &#039;Times New Roman&#039;; mso-font-kerning: 0pt; mso-ligatures: none; mso-fareast-language: SV;\">Med K\u00f6ttkvarn Komplett f\u00e5r du fler m\u00f6jligheter i k\u00f6ket \u2013 perfekt f\u00f6r b\u00e5de vardagsmat och smakrika festm\u00e5ltider. Tack vare de medf\u00f6ljande h\u00e5lskivorna kan du anpassa malningsgraden efter behov \u2013 fr\u00e5n finmald f\u00e4rs till gr\u00f6vre malning. Ett oumb\u00e4rligt paket f\u00f6r dig som vill ha fler m\u00f6jligheter i k\u00f6ket!<\/span><\/p>\n<p class=\"MsoNormal\" style=\"mso-margin-top-alt: auto; mso-margin-bottom-alt: auto; line-height: normal;\"><strong><span style=\"mso-fareast-font-family: &#039;Times New Roman&#039;; mso-bidi-font-family: &#039;Times New Roman&#039;; mso-font-kerning: 0pt; mso-ligatures: none; mso-fareast-language: SV;\">K\u00f6ttkvarnen passar samtliga modeller av Assistent Original N1-N30<\/span><\/strong><span style=\"mso-fareast-font-family: &#039;Times New Roman&#039;; mso-bidi-font-family: &#039;Times New Roman&#039;; mso-font-kerning: 0pt; mso-ligatures: none; mso-fareast-language: SV;\"><br \/><strong>Passertillsatsen, Korvhorn, Rivtillsatsen monteras p\u00e5 K\u00f6ttkvarnen och \u00e4r kompatibla med K\u00f6ttkvarnmodell 10. Kvarnmodell st\u00e5r p\u00e5 den 4-bladiga kniven &#34;10&#34;.<\/strong><\/span><\/p>\n<p class=\"MsoNormal\" style=\"mso-margin-top-alt: auto; mso-margin-bottom-alt: auto; line-height: normal;\"><span style=\"mso-fareast-font-family: &#039;Times New Roman&#039;; mso-bidi-font-family: &#039;Times New Roman&#039;; mso-font-kerning: 0pt; mso-ligatures: none; mso-fareast-language: SV;\">Vad ing\u00e5r?<\/span><\/p>\n<ul>\n<li class=\"MsoNormal\" style=\"line-height: normal;\"><span style=\"mso-fareast-font-family: &#039;Times New Roman&#039;; mso-bidi-font-family: &#039;Times New Roman&#039;; mso-font-kerning: 0pt; mso-ligatures: none; mso-fareast-language: SV;\"><strong>K\u00f6ttkvarn:<\/strong> Kvarnhus med kvarnvals, 4-bladig kniv, matarbord, matarpropp, st\u00e4nkskydd till kvarn.<\/span><\/li>\n<li class=\"MsoNormal\" style=\"line-height: normal;\"><span style=\"mso-fareast-font-family: &#039;Times New Roman&#039;; mso-bidi-font-family: &#039;Times New Roman&#039;; mso-font-kerning: 0pt; mso-ligatures: none; mso-fareast-language: SV;\"><strong>4 h\u00e5lskivor<\/strong>: 2,5\/4,5\/6\/8 mm.<\/span><\/li>\n<li class=\"MsoNormal\" style=\"line-height: normal;\"><span style=\"mso-fareast-font-family: &#039;Times New Roman&#039;; mso-bidi-font-family: &#039;Times New Roman&#039;; mso-font-kerning: 0pt; mso-ligatures: none; mso-fareast-language: SV;\"><strong>Tre korvhorn:<\/strong> 10\/20\/25 mm.<\/span><\/li>\n<li class=\"MsoNormal\" style=\"line-height: normal;\"><span style=\"mso-fareast-font-family: &#039;Times New Roman&#039;; mso-bidi-font-family: &#039;Times New Roman&#039;; mso-font-kerning: 0pt; mso-ligatures: none; mso-fareast-language: SV;\"><strong>Passertillsats:<\/strong> Passervals, ventil, passerr\u00f6r, st\u00e4llratt och passerr\u00e4nna.<\/span><\/li>\n<li class=\"MsoNormal\" style=\"line-height: normal;\"><span style=\"mso-fareast-font-family: &#039;Times New Roman&#039;; mso-bidi-font-family: &#039;Times New Roman&#039;; mso-font-kerning: 0pt; mso-ligatures: none; mso-fareast-language: SV;\"><strong>Rivtillsats:<\/strong> Rivcylinder och rivvals.<\/span><\/li>\n<\/ul>","protected":false},"excerpt":{"rendered":"<p>F\u00e5 ut maximalt av din Ankarsrum Assistent Original med K\u00f6ttkvarn Komplett! Ett komplett paket med kvarn och fem praktiska tillbeh\u00f6r som l\u00e5ter dig mala, passera, riva snabbt, smidigt och med full kontroll \u00f6ver dina ingredienser. Perfekt f\u00f6r dig som vill laga mat fr\u00e5n grunden.<\/p>\n","protected":false},"featured_media":66529,"comment_status":"open","ping_status":"closed","template":"","meta":{"_acf_changed":false,"content-type":"","editor_notices":[]},"product_brand":[],"product_cat":[139],"product_tag":[],"product-tag":[],"machines":[],"filter":[],"class_list":{"0":"post-66532","1":"product","2":"type-product","3":"status-publish","4":"has-post-thumbnail","6":"product_cat-ankarsrum-tillbehor","8":"first","9":"instock","10":"taxable","11":"shipping-taxable","12":"purchasable","13":"product-type-simple"},"bundled_by":[],"bundle_stock_status":"instock","bundle_stock_quantity":null,"bundle_virtual":false,"bundle_layout":"","bundle_add_to_cart_form_location":"","bundle_editable_in_cart":false,"bundle_sold_individually_context":"","bundle_item_grouping":"","bundle_min_size":"","bundle_max_size":"","bundle_price":[],"bundled_items":[],"bundle_sell_ids":[],"acf":[],"_links":{"self":[{"href":"https:\/\/www.ankarsrum.com\/se\/wp-json\/wp\/v2\/product\/66532","targetHints":{"allow":["GET"]}}],"collection":[{"href":"https:\/\/www.ankarsrum.com\/se\/wp-json\/wp\/v2\/product"}],"about":[{"href":"https:\/\/www.ankarsrum.com\/se\/wp-json\/wp\/v2\/types\/product"}],"replies":[{"embeddable":true,"href":"https:\/\/www.ankarsrum.com\/se\/wp-json\/wp\/v2\/comments?post=66532"}],"wp:featuredmedia":[{"embeddable":true,"href":"https:\/\/www.ankarsrum.com\/se\/wp-json\/wp\/v2\/media\/66529"}],"wp:attachment":[{"href":"https:\/\/www.ankarsrum.com\/se\/wp-json\/wp\/v2\/media?parent=66532"}],"wp:term":[{"taxonomy":"product_brand","embeddable":true,"href":"https:\/\/www.ankarsrum.com\/se\/wp-json\/wp\/v2\/product_brand?post=66532"},{"taxonomy":"product_cat","embeddable":true,"href":"https:\/\/www.ankarsrum.com\/se\/wp-json\/wp\/v2\/product_cat?post=66532"},{"taxonomy":"product_tag","embeddable":true,"href":"https:\/\/www.ankarsrum.com\/se\/wp-json\/wp\/v2\/product_tag?post=66532"},{"taxonomy":"product-tag","embeddable":true,"href":"https:\/\/www.ankarsrum.com\/se\/wp-json\/wp\/v2\/product-tag?post=66532"},{"taxonomy":"machines","embeddable":true,"href":"https:\/\/www.ankarsrum.com\/se\/wp-json\/wp\/v2\/machines?post=66532"},{"taxonomy":"filter","embeddable":true,"href":"https:\/\/www.ankarsrum.com\/se\/wp-json\/wp\/v2\/filter?post=66532"}],"curies":[{"name":"wp","href":"https:\/\/api.w.org\/{rel}","templated":true}]}}