{"id":66564,"date":"2025-06-27T14:34:14","date_gmt":"2025-06-27T12:34:14","guid":{"rendered":"https:\/\/www.ankarsrum.com\/se\/produkt\/deluxe-paket\/"},"modified":"2026-04-17T13:07:08","modified_gmt":"2026-04-17T11:07:08","slug":"deluxe-paket","status":"publish","type":"product","link":"https:\/\/www.ankarsrum.com\/se\/produkt\/deluxe-paket\/","title":{"rendered":"Deluxe paket"},"content":{"rendered":"<p>V\u00e5rt stora tillbeh\u00f6rspaket \u00e4r perfekt f\u00f6r dig som vill f\u00e5 ut \u00e4nnu mer av din Ankarsrum Assistent Original. Med Deluxepaketet f\u00e5r du sex av v\u00e5ra mest popul\u00e4ra tillbeh\u00f6r \u2013 allt du beh\u00f6ver f\u00f6r att ta din matlagning till n\u00e4sta niv\u00e5. Mal ditt eget k\u00f6tt, g\u00f6r egen korv, pressa f\u00e4rsk juice, mixa smoothies, riv parmesan eller passera frukt till sylt och mos. Med detta paket f\u00e5r du fler m\u00f6jligheter i k\u00f6ket och kan skapa helt fr\u00e5n grunden.<\/p>\n<p><strong>K\u00f6ttkvarn med h\u00e5lskivor &amp; korvhorn<\/strong> \u2013 Mala k\u00f6tt till f\u00e4rs, forma egna korvar eller g\u00f6r vegetariska alternativ som falafel och kik\u00e4rtsf\u00e4rs.<br \/><strong>Passertillsats<\/strong> \u2013 Perfekt f\u00f6r att g\u00f6ra sl\u00e4ta pur\u00e9er, barnmat, sylt och marmelad.<br \/><strong>Rivtillsats<\/strong> \u2013 Riv allt fr\u00e5n parmesan och choklad till n\u00f6tter och potatis.<br \/><strong>Citruspress <\/strong>\u2013 Pressa f\u00e4rsk juice fr\u00e5n apelsin, lime, citron och grapefrukt.<br \/><strong>Mixer med mixerpinne<\/strong> \u2013 Mixa smoothies, krossa b\u00e4r och skapa kr\u00e4miga s\u00e5ser och r\u00f6ror.<\/p>\n<p>Med Deluxepaketet kan du skapa allt fr\u00e5n frukostsmoothies till hemlagade middagar \u2013 snabbt, smidigt och helt p\u00e5 dina villkor.<\/p>\n<p><strong>K\u00f6ttkvarnen passar samtliga modeller av Assistent Original N1-N30<\/strong><br \/><strong>Passertillsatsen, Korvhorn och Rivtillsatsen monteras p\u00e5 K\u00f6ttkvarnen och \u00e4r kompatibla med K\u00f6ttkvarnmodell 10. Kvarnmodell st\u00e5r p\u00e5 den 4-bladiga kniven \u201d10\u201d.<\/strong><br \/><strong>Citruspressen passar alla modeller av Assistent Original N1-N30<\/strong><br \/><strong>Mixerkannan passar samtliga modeller av Assistent Original N24-N30<\/strong><\/p>\n<p>Vad ing\u00e5r?<\/p>\n<ul>\n<li>K\u00f6ttkvarn: Kvarnhus med kvarnvals, 4-bladig kniv, matarbord, matarpropp, st\u00e4nkskydd till kvarn, 4 h\u00e5lskivor: 2,5\/4,5\/6\/8 mm<\/li>\n<li>Tre korvhorn: 10\/20\/25 mm<\/li>\n<li>Passertillsats: Passervals, ventil, passerr\u00f6r, st\u00e4llratt och passerr\u00e4nna<\/li>\n<li>Rivtillsats: \u00a0Rivcylinder och rivvals<\/li>\n<li>Citruspress: Genomskinlig beh\u00e5llare och vit Citruspress<\/li>\n<li>Mixer med mixerpinne: Mixerkanna, topplock, m\u00e5ttlock och mixerpinne<\/li>\n<\/ul>","protected":false},"excerpt":{"rendered":"<p>F\u00e5 ut maximalt av din Ankarsrum Assistent Original med Deluxepaketet. Ett komplett paket med sex popul\u00e4ra tillbeh\u00f6r som l\u00e5ter dig mala, mixa, passera, pressa och riva \u2013 snabbt och enkelt. Perfekt f\u00f6r dig som \u00e4lskar att laga mat fr\u00e5n grunden!<\/p>\n","protected":false},"featured_media":67099,"comment_status":"open","ping_status":"closed","template":"","meta":{"_acf_changed":false,"content-type":"","editor_notices":[]},"product_brand":[],"product_cat":[139],"product_tag":[],"product-tag":[],"machines":[],"filter":[],"class_list":{"0":"post-66564","1":"product","2":"type-product","3":"status-publish","4":"has-post-thumbnail","6":"product_cat-ankarsrum-tillbehor","8":"first","9":"instock","10":"taxable","11":"shipping-taxable","12":"purchasable","13":"product-type-simple"},"bundled_by":[],"bundle_stock_status":"instock","bundle_stock_quantity":null,"bundle_virtual":false,"bundle_layout":"","bundle_add_to_cart_form_location":"","bundle_editable_in_cart":false,"bundle_sold_individually_context":"","bundle_item_grouping":"","bundle_min_size":"","bundle_max_size":"","bundle_price":[],"bundled_items":[],"bundle_sell_ids":[],"acf":[],"_links":{"self":[{"href":"https:\/\/www.ankarsrum.com\/se\/wp-json\/wp\/v2\/product\/66564","targetHints":{"allow":["GET"]}}],"collection":[{"href":"https:\/\/www.ankarsrum.com\/se\/wp-json\/wp\/v2\/product"}],"about":[{"href":"https:\/\/www.ankarsrum.com\/se\/wp-json\/wp\/v2\/types\/product"}],"replies":[{"embeddable":true,"href":"https:\/\/www.ankarsrum.com\/se\/wp-json\/wp\/v2\/comments?post=66564"}],"wp:featuredmedia":[{"embeddable":true,"href":"https:\/\/www.ankarsrum.com\/se\/wp-json\/wp\/v2\/media\/67099"}],"wp:attachment":[{"href":"https:\/\/www.ankarsrum.com\/se\/wp-json\/wp\/v2\/media?parent=66564"}],"wp:term":[{"taxonomy":"product_brand","embeddable":true,"href":"https:\/\/www.ankarsrum.com\/se\/wp-json\/wp\/v2\/product_brand?post=66564"},{"taxonomy":"product_cat","embeddable":true,"href":"https:\/\/www.ankarsrum.com\/se\/wp-json\/wp\/v2\/product_cat?post=66564"},{"taxonomy":"product_tag","embeddable":true,"href":"https:\/\/www.ankarsrum.com\/se\/wp-json\/wp\/v2\/product_tag?post=66564"},{"taxonomy":"product-tag","embeddable":true,"href":"https:\/\/www.ankarsrum.com\/se\/wp-json\/wp\/v2\/product-tag?post=66564"},{"taxonomy":"machines","embeddable":true,"href":"https:\/\/www.ankarsrum.com\/se\/wp-json\/wp\/v2\/machines?post=66564"},{"taxonomy":"filter","embeddable":true,"href":"https:\/\/www.ankarsrum.com\/se\/wp-json\/wp\/v2\/filter?post=66564"}],"curies":[{"name":"wp","href":"https:\/\/api.w.org\/{rel}","templated":true}]}}