{"id":75013,"date":"2026-03-09T12:49:00","date_gmt":"2026-03-09T11:49:00","guid":{"rendered":"https:\/\/www.ankarsrum.com\/se\/produkt\/mixer-med-mixerpinne-2\/"},"modified":"2026-04-29T13:47:03","modified_gmt":"2026-04-29T11:47:03","slug":"mixer-med-mixerpinne-2","status":"publish","type":"product","link":"https:\/\/www.ankarsrum.com\/se\/produkt\/mixer-med-mixerpinne-2\/","title":{"rendered":"Mixer med Mixerpinne"},"content":{"rendered":"<p>Mixerkannan \u00e4r ett m\u00e5ngsidigt tillbeh\u00f6r f\u00f6r din Assistent Original som enkelt mixar smoothies, krossar b\u00e4r och skapar kr\u00e4miga s\u00e5ser utan problem. Du f\u00e4ster Mixerkannan genom att tippa din assistent p\u00e5 sidan. Kannan har en kapacitet p\u00e5 1,5 liter, med en maxvolym f\u00f6r anv\u00e4ndning p\u00e5 1,3 liter. Mixerpinnen hj\u00e4lper dig att pressa ner ingredienserna mot knivarna och r\u00f6ra runt, oavsett om det g\u00e4ller hackad choklad eller en kr\u00e4mig hummus.<br \/><br \/>Mixerkannan \u00e4r tillverkad i h\u00e5llbar Tritan-plast som \u00e4r b\u00e5de BPA-fri och okrossbar, vilket ger dig en s\u00e4ker och l\u00e5ngvarig anv\u00e4ndning. F\u00f6r extra s\u00e4kerhet, h\u00e5ll en hand p\u00e5 locket n\u00e4r mixern \u00e4r ig\u00e5ng. Med Mixerkannan f\u00e5r du inte bara en mixer, du f\u00e5r ett verktyg som lyfter dina recept.<br \/><br \/><strong>Mixerkannan passar samtliga modeller av Assistent Original N23-N30.<\/strong><\/p>\n<p>Vad ing\u00e5r?<\/p>\n<ul>\n<li>Mixerkanna<\/li>\n<li>Topplock till mixerkanna<\/li>\n<li>M\u00e5ttlock till mixerkanna<\/li>\n<li>Mixerpinne<\/li>\n<\/ul>","protected":false},"excerpt":{"rendered":"<p>Krossa, blanda och mixa h\u00e4lsosamma recept utan kr\u00e5ngel. V\u00e5r Mixerkanna \u00e4r redo f\u00f6r allt fr\u00e5n att krossa b\u00e4r och mixa smoothies till att skapa kr\u00e4miga s\u00e5ser. Dessutom har den en okrossbar design som t\u00e5l daglig anv\u00e4ndning.<\/p>\n","protected":false},"featured_media":75023,"comment_status":"open","ping_status":"closed","template":"","meta":{"_acf_changed":false,"content-type":"","editor_notices":[]},"product_brand":[],"product_cat":[139],"product_tag":[],"product-tag":[],"machines":[],"filter":[],"class_list":{"0":"post-75013","1":"product","2":"type-product","3":"status-publish","4":"has-post-thumbnail","6":"product_cat-ankarsrum-tillbehor","8":"first","9":"instock","10":"taxable","11":"shipping-taxable","12":"purchasable","13":"product-type-simple"},"bundled_by":["66295","66287","66275","66149","66146","66144","66142","66141","66140","66138","66137","66135","66134","66133","66132","66129","66126","66123","66016","65605","65602","65600","65598","65597","65596","65594","65592","65589","65585","65463","65582","65580","65577","65587","65583","66010","66007","66004","66002","66000","65994","65992","65990","65986","65985","65967","65966","65961","65933","65757","65741"],"bundle_stock_status":"instock","bundle_stock_quantity":null,"bundle_virtual":false,"bundle_layout":"","bundle_add_to_cart_form_location":"","bundle_editable_in_cart":false,"bundle_sold_individually_context":"","bundle_item_grouping":"","bundle_min_size":"","bundle_max_size":"","bundle_price":[],"bundled_items":[],"bundle_sell_ids":[],"acf":[],"_links":{"self":[{"href":"https:\/\/www.ankarsrum.com\/se\/wp-json\/wp\/v2\/product\/75013","targetHints":{"allow":["GET"]}}],"collection":[{"href":"https:\/\/www.ankarsrum.com\/se\/wp-json\/wp\/v2\/product"}],"about":[{"href":"https:\/\/www.ankarsrum.com\/se\/wp-json\/wp\/v2\/types\/product"}],"replies":[{"embeddable":true,"href":"https:\/\/www.ankarsrum.com\/se\/wp-json\/wp\/v2\/comments?post=75013"}],"wp:featuredmedia":[{"embeddable":true,"href":"https:\/\/www.ankarsrum.com\/se\/wp-json\/wp\/v2\/media\/75023"}],"wp:attachment":[{"href":"https:\/\/www.ankarsrum.com\/se\/wp-json\/wp\/v2\/media?parent=75013"}],"wp:term":[{"taxonomy":"product_brand","embeddable":true,"href":"https:\/\/www.ankarsrum.com\/se\/wp-json\/wp\/v2\/product_brand?post=75013"},{"taxonomy":"product_cat","embeddable":true,"href":"https:\/\/www.ankarsrum.com\/se\/wp-json\/wp\/v2\/product_cat?post=75013"},{"taxonomy":"product_tag","embeddable":true,"href":"https:\/\/www.ankarsrum.com\/se\/wp-json\/wp\/v2\/product_tag?post=75013"},{"taxonomy":"product-tag","embeddable":true,"href":"https:\/\/www.ankarsrum.com\/se\/wp-json\/wp\/v2\/product-tag?post=75013"},{"taxonomy":"machines","embeddable":true,"href":"https:\/\/www.ankarsrum.com\/se\/wp-json\/wp\/v2\/machines?post=75013"},{"taxonomy":"filter","embeddable":true,"href":"https:\/\/www.ankarsrum.com\/se\/wp-json\/wp\/v2\/filter?post=75013"}],"curies":[{"name":"wp","href":"https:\/\/api.w.org\/{rel}","templated":true}]}}